{"id":2,"date":"2024-12-12T09:30:22","date_gmt":"2024-12-12T08:30:22","guid":{"rendered":"http:\/\/www.finalrushs.esecetudiant.fr\/?page_id=2"},"modified":"2024-12-12T14:28:15","modified_gmt":"2024-12-12T13:28:15","slug":"page-d-exemple","status":"publish","type":"page","link":"https:\/\/www.finalrushs.esecetudiant.fr\/","title":{"rendered":"Accueil"},"content":{"rendered":"\t\t<div data-elementor-type=\"wp-page\" data-elementor-id=\"2\" class=\"elementor elementor-2\">\n\t\t\t\t<div class=\"elementor-element elementor-element-e68e534 e-con-full animated-slow e-flex elementor-invisible e-con e-parent\" data-id=\"e68e534\" data-element_type=\"container\" data-settings=\"{&quot;background_background&quot;:&quot;classic&quot;,&quot;animation&quot;:&quot;fadeInLeft&quot;}\">\n\t\t\t\t<div class=\"elementor-element elementor-element-75723e2 elementor-invisible elementor-widget elementor-widget-text-editor\" data-id=\"75723e2\" data-element_type=\"widget\" data-settings=\"{&quot;_animation&quot;:&quot;fadeInUp&quot;}\" data-widget_type=\"text-editor.default\">\n\t\t\t\t<div class=\"elementor-widget-container\">\n\t\t\t\t\t\t\t<h3><strong>Speed of Justice<\/strong><\/h3>\t\t\t\t\t\t<\/div>\n\t\t\t\t<\/div>\n\t\t\t\t<div class=\"elementor-element elementor-element-6c5c79a elementor-widget elementor-widget-image\" data-id=\"6c5c79a\" data-element_type=\"widget\" data-widget_type=\"image.default\">\n\t\t\t\t<div class=\"elementor-widget-container\">\n\t\t\t\t\t\t\t\t\t\t\t\t\t<img fetchpriority=\"high\" decoding=\"async\" width=\"640\" height=\"856\" src=\"https:\/\/www.finalrushs.esecetudiant.fr\/wp-content\/uploads\/2024\/12\/pngtree-solid-color-matte-gradient-blue-background-backgroundblue-gradient-background-image_84870.jpg\" class=\"attachment-full size-full wp-image-60\" alt=\"\" srcset=\"https:\/\/www.finalrushs.esecetudiant.fr\/wp-content\/uploads\/2024\/12\/pngtree-solid-color-matte-gradient-blue-background-backgroundblue-gradient-background-image_84870.jpg 640w, https:\/\/www.finalrushs.esecetudiant.fr\/wp-content\/uploads\/2024\/12\/pngtree-solid-color-matte-gradient-blue-background-backgroundblue-gradient-background-image_84870-224x300.jpg 224w, https:\/\/www.finalrushs.esecetudiant.fr\/wp-content\/uploads\/2024\/12\/pngtree-solid-color-matte-gradient-blue-background-backgroundblue-gradient-background-image_84870-112x150.jpg 112w\" sizes=\"(max-width: 640px) 100vw, 640px\" \/>\t\t\t\t\t\t\t\t\t\t\t\t\t<\/div>\n\t\t\t\t<\/div>\n\t\t\t\t<div class=\"elementor-element elementor-element-9d58c25 elementor-widget__width-inherit elementor-widget elementor-widget-image\" data-id=\"9d58c25\" data-element_type=\"widget\" data-widget_type=\"image.default\">\n\t\t\t\t<div class=\"elementor-widget-container\">\n\t\t\t\t\t\t\t\t\t\t\t\t\t<img decoding=\"async\" width=\"150\" height=\"150\" src=\"https:\/\/www.finalrushs.esecetudiant.fr\/wp-content\/uploads\/2024\/12\/LOGO-150x150.png\" class=\"attachment-thumbnail size-thumbnail wp-image-44\" alt=\"\" srcset=\"https:\/\/www.finalrushs.esecetudiant.fr\/wp-content\/uploads\/2024\/12\/LOGO-150x150.png 150w, https:\/\/www.finalrushs.esecetudiant.fr\/wp-content\/uploads\/2024\/12\/LOGO-300x298.png 300w, https:\/\/www.finalrushs.esecetudiant.fr\/wp-content\/uploads\/2024\/12\/LOGO-1024x1017.png 1024w, https:\/\/www.finalrushs.esecetudiant.fr\/wp-content\/uploads\/2024\/12\/LOGO-768x763.png 768w, https:\/\/www.finalrushs.esecetudiant.fr\/wp-content\/uploads\/2024\/12\/LOGO.png 1031w\" sizes=\"(max-width: 150px) 100vw, 150px\" \/>\t\t\t\t\t\t\t\t\t\t\t\t\t<\/div>\n\t\t\t\t<\/div>\n\t\t\t\t<div class=\"elementor-element elementor-element-2a25c81 elementor-widget__width-initial elementor-widget elementor-widget-image\" data-id=\"2a25c81\" data-element_type=\"widget\" data-widget_type=\"image.default\">\n\t\t\t\t<div class=\"elementor-widget-container\">\n\t\t\t\t\t\t\t\t\t\t\t\t\t<img decoding=\"async\" src=\"https:\/\/2img.net\/image.noelshack.com\/fichiers\/2015\/09\/1424798600-commande-zaay-natsu.jpg\" title=\"\" alt=\"\" loading=\"lazy\" \/>\t\t\t\t\t\t\t\t\t\t\t\t\t<\/div>\n\t\t\t\t<\/div>\n\t\t\t\t<\/div>\n\t\t<div class=\"elementor-element elementor-element-21cd0c3 e-con-full e-flex e-con e-parent\" data-id=\"21cd0c3\" data-element_type=\"container\">\n\t\t\t\t<div class=\"elementor-element elementor-element-d144218 elementor-widget elementor-widget-heading\" data-id=\"d144218\" data-element_type=\"widget\" data-widget_type=\"heading.default\">\n\t\t\t\t<div class=\"elementor-widget-container\">\n\t\t\t<h2 class=\"elementor-heading-title elementor-size-default\">D\u00e9mo possible <\/h2>\t\t<\/div>\n\t\t\t\t<\/div>\n\t\t\t\t<\/div>\n\t\t<div class=\"elementor-element elementor-element-edf6c3d e-flex e-con-boxed e-con e-parent\" data-id=\"edf6c3d\" data-element_type=\"container\">\n\t\t\t\t\t<div class=\"e-con-inner\">\n\t\t<div class=\"elementor-element elementor-element-fdec658 e-con-full e-flex e-con e-child\" data-id=\"fdec658\" data-element_type=\"container\">\n\t\t\t\t<div class=\"elementor-element elementor-element-45b1ecb elementor-widget elementor-widget-video\" data-id=\"45b1ecb\" data-element_type=\"widget\" data-settings=\"{&quot;youtube_url&quot;:&quot;https:\\\/\\\/www.youtube.com\\\/watch?v=m-ioG4KEVyc&quot;,&quot;loop&quot;:&quot;yes&quot;,&quot;video_type&quot;:&quot;youtube&quot;}\" data-widget_type=\"video.default\">\n\t\t\t\t<div class=\"elementor-widget-container\">\n\t\t\t\t\t<div class=\"elementor-wrapper elementor-open-inline\">\n\t\t\t<div class=\"elementor-video\"><\/div>\t\t<\/div>\n\t\t\t\t<\/div>\n\t\t\t\t<\/div>\n\t\t\t\t<\/div>\n\t\t<div class=\"elementor-element elementor-element-3c86fe5 e-con-full e-flex e-con e-child\" data-id=\"3c86fe5\" data-element_type=\"container\">\n\t\t<div class=\"elementor-element elementor-element-997750b e-con-full e-flex e-con e-child\" data-id=\"997750b\" data-element_type=\"container\">\n\t\t\t\t<div class=\"elementor-element elementor-element-c152d9e elementor-widget elementor-widget-heading\" data-id=\"c152d9e\" data-element_type=\"widget\" data-widget_type=\"heading.default\">\n\t\t\t\t<div class=\"elementor-widget-container\">\n\t\t\t<h2 class=\"elementor-heading-title elementor-size-default\">Speed of Justice\n\nun super temple run sur le domaine des super-h\u00e9ros <\/h2>\t\t<\/div>\n\t\t\t\t<\/div>\n\t\t\t\t<\/div>\n\t\t<div class=\"elementor-element elementor-element-b648602 e-con-full e-flex e-con e-child\" data-id=\"b648602\" data-element_type=\"container\">\n\t\t\t\t<\/div>\n\t\t\t\t<\/div>\n\t\t\t\t\t<\/div>\n\t\t\t\t<\/div>\n\t\t<div class=\"elementor-element elementor-element-77dc081 e-flex e-con-boxed e-con e-parent\" data-id=\"77dc081\" data-element_type=\"container\">\n\t\t\t\t\t<div class=\"e-con-inner\">\n\t\t\t\t<div class=\"elementor-element elementor-element-b26657f elementor-widget elementor-widget-image\" data-id=\"b26657f\" data-element_type=\"widget\" data-widget_type=\"image.default\">\n\t\t\t\t<div class=\"elementor-widget-container\">\n\t\t\t\t\t\t\t\t\t\t\t\t\t<img decoding=\"async\" src=\"https:\/\/fr.web.img2.acsta.net\/videothumbnails\/14\/03\/19\/14\/25\/018088.jpg\" title=\"\" alt=\"\" loading=\"lazy\" \/>\t\t\t\t\t\t\t\t\t\t\t\t\t<\/div>\n\t\t\t\t<\/div>\n\t\t\t\t<div class=\"elementor-element elementor-element-cd3f809 elementor-widget elementor-widget-heading\" data-id=\"cd3f809\" data-element_type=\"widget\" data-widget_type=\"heading.default\">\n\t\t\t\t<div class=\"elementor-widget-container\">\n\t\t\t<h2 class=\"elementor-heading-title elementor-size-default\">Les articles<\/h2>\t\t<\/div>\n\t\t\t\t<\/div>\n\t\t\t\t<div class=\"elementor-element elementor-element-a105be6 elementor-widget elementor-widget-shortcode\" data-id=\"a105be6\" data-element_type=\"widget\" data-widget_type=\"shortcode.default\">\n\t\t\t\t<div class=\"elementor-widget-container\">\n\t\t\t\t\t<div class=\"elementor-shortcode\"><div class=\"pt-cv-wrapper\"><div class=\"pt-cv-view pt-cv-grid pt-cv-colsys\" id=\"pt-cv-view-e168493rj9\"><div data-id=\"pt-cv-page-1\" class=\"pt-cv-page\" data-cvc=\"2\"><div class=\"col-md-6 col-sm-12 col-xs-12 pt-cv-content-item pt-cv-1-col\" ><div class='pt-cv-ifield'><a href=\"https:\/\/www.finalrushs.esecetudiant.fr\/index.php\/2024\/12\/12\/info-2\/\" class=\"_self pt-cv-href-thumbnail pt-cv-thumb-default\" target=\"_self\" ><img decoding=\"async\" width=\"300\" height=\"235\" src=\"https:\/\/www.finalrushs.esecetudiant.fr\/wp-content\/uploads\/2024\/12\/Capture-decran-2024-11-13-104322-300x235.png\" class=\"pt-cv-thumbnail\" alt=\"\" srcset=\"https:\/\/www.finalrushs.esecetudiant.fr\/wp-content\/uploads\/2024\/12\/Capture-decran-2024-11-13-104322-300x235.png 300w, https:\/\/www.finalrushs.esecetudiant.fr\/wp-content\/uploads\/2024\/12\/Capture-decran-2024-11-13-104322-1024x804.png 1024w, https:\/\/www.finalrushs.esecetudiant.fr\/wp-content\/uploads\/2024\/12\/Capture-decran-2024-11-13-104322-768x603.png 768w, https:\/\/www.finalrushs.esecetudiant.fr\/wp-content\/uploads\/2024\/12\/Capture-decran-2024-11-13-104322-150x118.png 150w, https:\/\/www.finalrushs.esecetudiant.fr\/wp-content\/uploads\/2024\/12\/Capture-decran-2024-11-13-104322.png 1031w\" sizes=\"(max-width: 300px) 100vw, 300px\" \/><\/a>\n<div class=\"pt-cv-taxoterm above_title\"><a href='https:\/\/www.finalrushs.esecetudiant.fr\/index.php\/category\/info\/' title='info' class='pt-cv-tax-info'>info<\/a><\/div>\n<h4 class=\"pt-cv-title\"><a href=\"https:\/\/www.finalrushs.esecetudiant.fr\/index.php\/2024\/12\/12\/info-2\/\" class=\"_self\" target=\"_self\" >L&rsquo;univers<\/a><\/h4>\n<div class=\"pt-cv-content\">Un univers entre temple ancien et super h\u00e9ros moderne ...<br \/><div class=\"pt-cv-rmwrap\"><a href=\"https:\/\/www.finalrushs.esecetudiant.fr\/index.php\/2024\/12\/12\/info-2\/\" class=\"_self pt-cv-readmore btn btn-success\" target=\"_self\">Lire La Suite\u2026<\/a><\/div><\/div><\/div><\/div>\n<div class=\"col-md-6 col-sm-12 col-xs-12 pt-cv-content-item pt-cv-1-col\" ><div class='pt-cv-ifield'><a href=\"https:\/\/www.finalrushs.esecetudiant.fr\/index.php\/2024\/12\/12\/info\/\" class=\"_self pt-cv-href-thumbnail pt-cv-thumb-default\" target=\"_self\" ><img loading=\"lazy\" decoding=\"async\" width=\"300\" height=\"300\" src=\"https:\/\/www.finalrushs.esecetudiant.fr\/wp-content\/uploads\/2024\/12\/image_2024-12-12_111007098-300x300.png\" class=\"pt-cv-thumbnail\" alt=\"\" srcset=\"https:\/\/www.finalrushs.esecetudiant.fr\/wp-content\/uploads\/2024\/12\/image_2024-12-12_111007098-300x300.png 300w, https:\/\/www.finalrushs.esecetudiant.fr\/wp-content\/uploads\/2024\/12\/image_2024-12-12_111007098-150x150.png 150w, https:\/\/www.finalrushs.esecetudiant.fr\/wp-content\/uploads\/2024\/12\/image_2024-12-12_111007098.png 381w\" sizes=\"(max-width: 300px) 100vw, 300px\" \/><\/a>\n<div class=\"pt-cv-taxoterm above_title\"><a href='https:\/\/www.finalrushs.esecetudiant.fr\/index.php\/category\/info\/' title='info' class='pt-cv-tax-info'>info<\/a><\/div>\n<h4 class=\"pt-cv-title\"><a href=\"https:\/\/www.finalrushs.esecetudiant.fr\/index.php\/2024\/12\/12\/info\/\" class=\"_self\" target=\"_self\" >Info<\/a><\/h4>\n<div class=\"pt-cv-content\">Ici, vous retrouverez toutes les informations relatives aux diff\u00e9rentes MAJ ...<br \/><div class=\"pt-cv-rmwrap\"><a href=\"https:\/\/www.finalrushs.esecetudiant.fr\/index.php\/2024\/12\/12\/info\/\" class=\"_self pt-cv-readmore btn btn-success\" target=\"_self\">Lire La Suite\u2026<\/a><\/div><\/div><\/div><\/div><\/div><\/div><\/div><\/div>\n\t\t\t\t<\/div>\n\t\t\t\t<\/div>\n\t\t\t\t\t<\/div>\n\t\t\t\t<\/div>\n\t\t<div class=\"elementor-element elementor-element-6ec943f e-flex e-con-boxed e-con e-parent\" data-id=\"6ec943f\" data-element_type=\"container\">\n\t\t\t\t\t<div class=\"e-con-inner\">\n\t\t\t\t<div class=\"elementor-element elementor-element-24efadc elementor-widget elementor-widget-heading\" data-id=\"24efadc\" data-element_type=\"widget\" data-widget_type=\"heading.default\">\n\t\t\t\t<div class=\"elementor-widget-container\">\n\t\t\t<h2 class=\"elementor-heading-title elementor-size-default\">Ce petit jeu vous fera voyager dans tous les univers possible <\/h2>\t\t<\/div>\n\t\t\t\t<\/div>\n\t\t\t\t<div class=\"elementor-element elementor-element-daa7b5e elementor-widget elementor-widget-heading\" data-id=\"daa7b5e\" data-element_type=\"widget\" data-widget_type=\"heading.default\">\n\t\t\t\t<div class=\"elementor-widget-container\">\n\t\t\t<h2 class=\"elementor-heading-title elementor-size-default\">Plusieurs h\u00e9ro possible <\/h2>\t\t<\/div>\n\t\t\t\t<\/div>\n\t\t\t\t\t<\/div>\n\t\t\t\t<\/div>\n\t\t<div class=\"elementor-element elementor-element-be49228 e-flex e-con-boxed e-con e-parent\" data-id=\"be49228\" data-element_type=\"container\">\n\t\t\t\t\t<div class=\"e-con-inner\">\n\t\t\t\t<div class=\"elementor-element elementor-element-b7b6e20 elementor-widget elementor-widget-video\" data-id=\"b7b6e20\" data-element_type=\"widget\" data-settings=\"{&quot;youtube_url&quot;:&quot;https:\\\/\\\/www.youtube.com\\\/watch?v=DMFKAGHJSo0&quot;,&quot;video_type&quot;:&quot;youtube&quot;,&quot;controls&quot;:&quot;yes&quot;}\" data-widget_type=\"video.default\">\n\t\t\t\t<div class=\"elementor-widget-container\">\n\t\t\t\t\t<div class=\"elementor-wrapper elementor-open-inline\">\n\t\t\t<div class=\"elementor-video\"><\/div>\t\t<\/div>\n\t\t\t\t<\/div>\n\t\t\t\t<\/div>\n\t\t\t\t\t<\/div>\n\t\t\t\t<\/div>\n\t\t\t\t<\/div>\n\t\t","protected":false},"excerpt":{"rendered":"<p>Speed of Justice D\u00e9mo possible Speed of Justice un super temple run sur le domaine des super-h\u00e9ros Les articles Ce petit jeu vous fera voyager dans tous les univers possible Plusieurs h\u00e9ro possible<\/p>\n<p> <a class=\"continue-reading-link\" href=\"https:\/\/www.finalrushs.esecetudiant.fr\/\"><span>Continue reading<\/span><i class=\"crycon-right-dir\"><\/i><\/a> <\/p>\n","protected":false},"author":1,"featured_media":0,"parent":0,"menu_order":0,"comment_status":"closed","ping_status":"open","template":"","meta":{"footnotes":""},"class_list":["post-2","page","type-page","status-publish","hentry"],"_links":{"self":[{"href":"https:\/\/www.finalrushs.esecetudiant.fr\/index.php\/wp-json\/wp\/v2\/pages\/2","targetHints":{"allow":["GET"]}}],"collection":[{"href":"https:\/\/www.finalrushs.esecetudiant.fr\/index.php\/wp-json\/wp\/v2\/pages"}],"about":[{"href":"https:\/\/www.finalrushs.esecetudiant.fr\/index.php\/wp-json\/wp\/v2\/types\/page"}],"author":[{"embeddable":true,"href":"https:\/\/www.finalrushs.esecetudiant.fr\/index.php\/wp-json\/wp\/v2\/users\/1"}],"replies":[{"embeddable":true,"href":"https:\/\/www.finalrushs.esecetudiant.fr\/index.php\/wp-json\/wp\/v2\/comments?post=2"}],"version-history":[{"count":25,"href":"https:\/\/www.finalrushs.esecetudiant.fr\/index.php\/wp-json\/wp\/v2\/pages\/2\/revisions"}],"predecessor-version":[{"id":67,"href":"https:\/\/www.finalrushs.esecetudiant.fr\/index.php\/wp-json\/wp\/v2\/pages\/2\/revisions\/67"}],"wp:attachment":[{"href":"https:\/\/www.finalrushs.esecetudiant.fr\/index.php\/wp-json\/wp\/v2\/media?parent=2"}],"curies":[{"name":"wp","href":"https:\/\/api.w.org\/{rel}","templated":true}]}}